{"id":263,"date":"2024-12-24T19:21:06","date_gmt":"2024-12-24T17:21:06","guid":{"rendered":"http:\/\/www.erakettu.com\/wp\/?page_id=263"},"modified":"2024-12-24T19:21:06","modified_gmt":"2024-12-24T17:21:06","slug":"melat","status":"publish","type":"page","link":"https:\/\/www.erakettu.com\/wp\/melat\/","title":{"rendered":"Melat"},"content":{"rendered":"\n<p class=\"has-large-font-size\"><strong>Melallahan sit\u00e4 melotaan.<\/strong> Niinp\u00e4. Liian usein n\u00e4kee, ett\u00e4 hienon ja kalliin kajakin tai kanootin pariksi on hankittu sellainen ns. perusmela. Itse neuvon p\u00e4\u00e4s\u00e4\u00e4nt\u00f6isesti toimimaan mieluummin p\u00e4invastoin, jos jostain on tingitt\u00e4v\u00e4. Jos kajakista tai kanootista tai niiden lis\u00e4varusteista tinkii satasen tai muutaman, kokonaisuus ei useinkaan oleellisesti huonone. Jos saman rahan investoi kunnolliseen melaan, kokonaisuus paranee oleellisesti.\u00a0<\/p>\n\n\n\n<figure class=\"wp-block-image alignwide size-large\"><img loading=\"lazy\" decoding=\"async\" width=\"1200\" height=\"500\" src=\"http:\/\/www.erakettu.com\/wp\/wp-content\/uploads\/2024\/12\/EK_web25_ErgoPro_ext.jpg\" alt=\"\" class=\"wp-image-172\" srcset=\"https:\/\/www.erakettu.com\/wp\/wp-content\/uploads\/2024\/12\/EK_web25_ErgoPro_ext.jpg 1200w, https:\/\/www.erakettu.com\/wp\/wp-content\/uploads\/2024\/12\/EK_web25_ErgoPro_ext-300x125.jpg 300w, https:\/\/www.erakettu.com\/wp\/wp-content\/uploads\/2024\/12\/EK_web25_ErgoPro_ext-768x320.jpg 768w\" sizes=\"auto, (max-width: 1200px) 100vw, 1200px\" \/><\/figure>\n\n\n\n<p>Melan hyvyys ei tietenk\u00e4\u00e4n ole mitenk\u00e4\u00e4n yksiselitteist\u00e4 ja siksi niit\u00e4 on monenlaisia. Oikean ja k\u00e4ytt\u00e4j\u00e4lleen parhaiten soveltuvan melan valinta on monen muuttujan kokonaisuus. Meill\u00e4 melat p\u00e4\u00e4see my\u00f6s testaamaan ja samalla saa asiantuntevat neuvot valinnan tueksi.&nbsp;<\/p>\n\n\n\n<p>Olemme jakaneet melat t\u00e4ss\u00e4 yhteydess\u00e4 nelj\u00e4\u00e4n kategoriaan.&nbsp;<\/p>\n\n\n\n<p><strong>Kajakkimelat<\/strong> on se laajin ja sis\u00e4lt\u00e4\u00e4 kaikki kaksilapaiset melat meri-, retki-, kunto, j\u00e4rvi- jne. melontaan. N\u00e4iden varastopituudet vaihtelee tyypillisesti haarukassa 200-225 cm, mutta my\u00f6s pidempi\u00e4 ja lyhyempi\u00e4 l\u00f6ytyy.\u00a0<\/p>\n\n\n\n<p><strong>Koskimelat<\/strong> ovat koskimelontaan tarkoitettuja kajakkimeloja. Ne ovat tyypillisesti lyhyempi\u00e4 (n.190-200 cm), isompilapaisia ja j\u00e4re\u00e4mpitekoisia kuin sile\u00e4n veden melontaan tarkoitetut mallit.\u00a0<\/p>\n\n\n\n<p><strong>Pitk\u00e4t melat <\/strong>ovat tavallista pidempi\u00e4 kajakkimeloja eri tarkoituksiin. Osa malleista on suunniteltu erityisesti kalastus- ja mets\u00e4stysk\u00e4ytt\u00f6\u00f6n leveille kajakeille joissa istutaan korkealla. Osa toimii optimaalisella tavalla kun avokanoottia halutaan meloa kaksilapaisella melalla. Osa n\u00e4ist\u00e4 meloista on yksinkertaisesti extra pitki\u00e4 kajakkimeloja pidemm\u00e4ll\u00e4 varrella, monissa on ominaisuuksia joita on kehitetty juuri sit\u00e4 k\u00e4ytt\u00f6\u00e4 varten.\u00a0<\/p>\n\n\n\n<p><strong>Yksilapaiset melat<\/strong> ovat nimens\u00e4 mukaisesti yksilapaisia, eli kanootti- tai SUP-meloja.\u00a0<\/p>\n\n\n\n<p>Melavalikoimamme on p\u00e4\u00e4osin seuraavilta valmistajilta:<\/p>\n\n\n\n<p class=\"has-accent-color has-text-color\"><strong>Lettmann<\/strong>: Saksalainen 60 vuotias perheyritys. Perustaja Klaus Lettman totesi kerran, ett\u00e4 jos melan lapa olisi lentokoneen siipi, Lettmann olisi ainoa joka lent\u00e4isi. Huippulaatua ja ainutlaatuisia ominaisuuksia ilman kompromisseja.\u00a0<\/p>\n\n\n\n<p><strong>Ophion<\/strong>: K\u00e4sity\u00f6taitoa Sloveniasta. Innovatiivisia tuotteita, joita kehitet\u00e4\u00e4n yhdess\u00e4 melojien ja alan asiantuntijoiden kanssa joihin meid\u00e4tkin on monen mallin osalta luettu. Laaja valikoima monien harrastajien suosimassa 300-400 euron hintaluokassa, toki my\u00f6s halvempia ja kalliimpia versioita l\u00f6ytyy.<\/p>\n\n\n\n<p class=\"has-secondary-color has-text-color\"><strong>CEKR<\/strong>: Valikoimissa on sek\u00e4 todella kevyit\u00e4 ja hyvin leikkaavia hiilikuitu-kenno meloja niin sile\u00e4lle kuin koskeen ett\u00e4 pyk\u00e4l\u00e4n parempia edullisia perusmeloja, joiden muovilavoissa on vahvistuksena lasikuitua.\u00a0<\/p>\n\n\n\n<p class=\"has-accent-color has-text-color\"><strong>Branches<\/strong>: Bending Branches on maailman suurin melanvalmistaja USA:sta. Meid\u00e4n valikoimiin merkki tuli v\u00e4h\u00e4n mutkan kautta, kun yhti\u00f6 vuonna 2008 osti pahimman kilpailijansa, kanadalaisen Aqua-Bound:in jonka maahantuojana olimme toimineet pitk\u00e4\u00e4n.\u00a0<\/p>\n","protected":false},"excerpt":{"rendered":"<p>Melallahan sit\u00e4 melotaan. Niinp\u00e4. Liian usein n\u00e4kee, ett\u00e4 hienon ja kalliin kajakin tai kanootin pariksi on hankittu sellainen ns. perusmela. Itse neuvon p\u00e4\u00e4s\u00e4\u00e4nt\u00f6isesti toimimaan mieluummin p\u00e4invastoin, jos jostain on tingitt\u00e4v\u00e4. Jos kajakista tai kanootista tai niiden lis\u00e4varusteista tinkii satasen tai muutaman, kokonaisuus ei useinkaan oleellisesti huonone. Jos saman rahan investoi kunnolliseen melaan, kokonaisuus paranee oleellisesti.\u00a0 [&hellip;]<\/p>\n","protected":false},"author":1,"featured_media":0,"parent":0,"menu_order":0,"comment_status":"closed","ping_status":"closed","template":"","meta":{"footnotes":""},"class_list":["post-263","page","type-page","status-publish","hentry"],"_links":{"self":[{"href":"https:\/\/www.erakettu.com\/wp\/wp-json\/wp\/v2\/pages\/263","targetHints":{"allow":["GET"]}}],"collection":[{"href":"https:\/\/www.erakettu.com\/wp\/wp-json\/wp\/v2\/pages"}],"about":[{"href":"https:\/\/www.erakettu.com\/wp\/wp-json\/wp\/v2\/types\/page"}],"author":[{"embeddable":true,"href":"https:\/\/www.erakettu.com\/wp\/wp-json\/wp\/v2\/users\/1"}],"replies":[{"embeddable":true,"href":"https:\/\/www.erakettu.com\/wp\/wp-json\/wp\/v2\/comments?post=263"}],"version-history":[{"count":1,"href":"https:\/\/www.erakettu.com\/wp\/wp-json\/wp\/v2\/pages\/263\/revisions"}],"predecessor-version":[{"id":265,"href":"https:\/\/www.erakettu.com\/wp\/wp-json\/wp\/v2\/pages\/263\/revisions\/265"}],"wp:attachment":[{"href":"https:\/\/www.erakettu.com\/wp\/wp-json\/wp\/v2\/media?parent=263"}],"curies":[{"name":"wp","href":"https:\/\/api.w.org\/{rel}","templated":true}]}}