{"id":403,"date":"2025-01-01T22:45:07","date_gmt":"2025-01-01T20:45:07","guid":{"rendered":"http:\/\/www.erakettu.com\/wp\/?page_id=403"},"modified":"2026-01-02T15:38:52","modified_gmt":"2026-01-02T13:38:52","slug":"tarjoukset","status":"publish","type":"page","link":"https:\/\/www.erakettu.com\/wp\/tarjoukset\/","title":{"rendered":"Tarjoukset"},"content":{"rendered":"\n<p class=\"has-primary-color has-text-color has-link-color has-larger-font-size wp-elements-39aba1530add1ef927b44892de917309\"><\/p>\n\n\n\n<p class=\"has-primary-color has-accent-background-color has-text-color has-background has-link-color has-large-font-size wp-elements-95f9dc1717be7ff1698177a3a3ad88b1\">TALVIKAUDEN TARJOUKSET (voimassa 31.3. asti)<\/p>\n\n\n\n<p class=\"has-primary-background-color has-background\">\u2022 Huollot ja korjaukset -10%<br>\u2022 Kajakki uimahalliin koko talvikaudeksi 100,-<br>\u2022 Kaksi yhden hinnalla! Varaa kes\u00e4n yksil\u00f6llinen ohjattu melontatunti tai pari kolme etuk\u00e4teen, ja kaksi osallistuu yhden hinnalla! Hieno lahjaidea my\u00f6s. <br>\u2022 Kes\u00e4n ohjatut melontaretket ja opastetut melonnat ennakkohinnoin alkaen 20,- (omalla kalustolla) ja 40,- (meid\u00e4n kalustolla). Tietoa n\u00e4ist\u00e4 tulossa pian.<br>\u2022 Kickbike: kaikkiin varastomalleihin kokoonpano ja luovutushuolto veloituksetta.<\/p>\n\n\n\n<p class=\"has-primary-color has-accent-background-color has-text-color has-background has-link-color has-small-font-size wp-elements-56871590c0d8688526212827143d6859\">Syyskuusta kev\u00e4\u00e4seen kauppa on auki joustavasti sopimuksen mukaan. Ollaan paikalla usein \/ melkein joka p\u00e4iv\u00e4 joka tapauksessa, mutta kannattaa aina varmistaa ja sopia. Nopein ja varmin tapa on aina puhelin. Viestej\u00e4 luetaan s\u00e4\u00e4nn\u00f6llisesti muttei 24\/7. Puheluihin vastataan tai soitetaan takaisin nopeasti. Muista viesteist\u00e4 nopeimmin yleens\u00e4 hoituu WA ja iMessage viestit, joihin voi vastata tietokoneella. Perinteiset tekstiviestit kannattaa varustaa s-posti osoitteella etenkin jos viesti edellytt\u00e4\u00e4 monisanaisempaa viestint\u00e4\u00e4. S\u00e4hk\u00f6posteihin pyrimme vastaamaan mahdollisimman nopeasti asian kiireellisyyden mukaan. Soitto siis aina nopein ja jos ei vastausta muista kanavista nopeasti kuulu, kannattaa soittaa.&nbsp;<\/p>\n\n\n\n<p class=\"has-primary-color has-text-color has-link-color wp-elements-f53d0f2000e7e509d3e7c91eff2b425b\"><\/p>\n\n\n\n<p><\/p>\n","protected":false},"excerpt":{"rendered":"<p>TALVIKAUDEN TARJOUKSET (voimassa 31.3. asti) \u2022 Huollot ja korjaukset -10%\u2022 Kajakki uimahalliin koko talvikaudeksi 100,-\u2022 Kaksi yhden hinnalla! Varaa kes\u00e4n yksil\u00f6llinen ohjattu melontatunti tai pari kolme etuk\u00e4teen, ja kaksi osallistuu yhden hinnalla! Hieno lahjaidea my\u00f6s. \u2022 Kes\u00e4n ohjatut melontaretket ja opastetut melonnat ennakkohinnoin alkaen 20,- (omalla kalustolla) ja 40,- (meid\u00e4n kalustolla). Tietoa n\u00e4ist\u00e4 tulossa pian.\u2022 [&hellip;]<\/p>\n","protected":false},"author":1,"featured_media":0,"parent":0,"menu_order":0,"comment_status":"closed","ping_status":"closed","template":"","meta":{"footnotes":""},"class_list":["post-403","page","type-page","status-publish","hentry"],"_links":{"self":[{"href":"https:\/\/www.erakettu.com\/wp\/wp-json\/wp\/v2\/pages\/403","targetHints":{"allow":["GET"]}}],"collection":[{"href":"https:\/\/www.erakettu.com\/wp\/wp-json\/wp\/v2\/pages"}],"about":[{"href":"https:\/\/www.erakettu.com\/wp\/wp-json\/wp\/v2\/types\/page"}],"author":[{"embeddable":true,"href":"https:\/\/www.erakettu.com\/wp\/wp-json\/wp\/v2\/users\/1"}],"replies":[{"embeddable":true,"href":"https:\/\/www.erakettu.com\/wp\/wp-json\/wp\/v2\/comments?post=403"}],"version-history":[{"count":11,"href":"https:\/\/www.erakettu.com\/wp\/wp-json\/wp\/v2\/pages\/403\/revisions"}],"predecessor-version":[{"id":540,"href":"https:\/\/www.erakettu.com\/wp\/wp-json\/wp\/v2\/pages\/403\/revisions\/540"}],"wp:attachment":[{"href":"https:\/\/www.erakettu.com\/wp\/wp-json\/wp\/v2\/media?parent=403"}],"curies":[{"name":"wp","href":"https:\/\/api.w.org\/{rel}","templated":true}]}}